{"id":546,"date":"2023-01-04T10:15:30","date_gmt":"2023-01-04T09:15:30","guid":{"rendered":"https:\/\/www.ferienwohnungen-karin.com\/appartamenti\/ferienwohnung-merlot\/"},"modified":"2024-07-26T17:24:29","modified_gmt":"2024-07-26T15:24:29","slug":"appartamento-merlot","status":"publish","type":"page","link":"https:\/\/www.ferienwohnungen-karin.com\/it\/appartamenti\/appartamento-merlot\/","title":{"rendered":"Appartamento Merlot"},"content":{"rendered":"<p>Morbido e sensuale, il Merlot \u00e8 un vino che sa incantare. Ad essere stregato da un incantesimo sar\u00e0 per\u00f2 chiunque soggiorni anche nell\u2019appartamento che ne porta il nome. Con i suoi 38 m\u00b2, il Merlot \u00e8 il pi\u00f9 piccolo dei nostri appartamenti, ma non per questo \u00e8 meno confortevole. Molto luminoso, dal suo balcone al 2\u00b0 piano regala una vista oltre i tetti di Termeno, sui vigneti circostanti. Cos\u2019altro serve per essere felici in vacanza? Un bicchiere di Merlot, forse!<\/p>\n","protected":false},"excerpt":{"rendered":"<p>Morbido e sensuale, il Merlot \u00e8 un vino che sa incantare. Ad essere stregato da un incantesimo sar\u00e0 per\u00f2 chiunque soggiorni anche nell\u2019appartamento che ne porta il nome. Con i suoi 38 m\u00b2, il Merlot \u00e8 il pi\u00f9 piccolo dei nostri appartamenti, ma non per questo \u00e8 meno confortevole. Molto luminoso, dal suo balcone al [&hellip;]<\/p>\n","protected":false},"author":1,"featured_media":430,"parent":530,"menu_order":0,"comment_status":"closed","ping_status":"closed","template":"template-ferienwohnung.php","meta":{"_acf_changed":false,"footnotes":""},"class_list":["post-546","page","type-page","status-publish","has-post-thumbnail","hentry"],"acf":[],"yoast_head":"<!-- This site is optimized with the Yoast SEO plugin v22.7 - https:\/\/yoast.com\/wordpress\/plugins\/seo\/ -->\n<title>Appartamento Merlot<\/title>\n<meta name=\"description\" content=\"L\u2019appartamento Merlot: piccolo ma coccolo! Con i suoi 38 m\u00b2, \u00e8 il pi\u00f9 piccolo dei nostri appartamenti, ma non per questo meno confortevole.\" \/>\n<meta name=\"robots\" content=\"index, follow, max-snippet:-1, max-image-preview:large, max-video-preview:-1\" \/>\n<link rel=\"canonical\" href=\"https:\/\/www.ferienwohnungen-karin.com\/it\/appartamenti\/appartamento-merlot\/\" \/>\n<meta property=\"og:locale\" content=\"it_IT\" \/>\n<meta property=\"og:type\" content=\"article\" \/>\n<meta property=\"og:title\" content=\"Appartamento Merlot\" \/>\n<meta property=\"og:description\" content=\"L\u2019appartamento Merlot: piccolo ma coccolo! Con i suoi 38 m\u00b2, \u00e8 il pi\u00f9 piccolo dei nostri appartamenti, ma non per questo meno confortevole.\" \/>\n<meta property=\"og:url\" content=\"https:\/\/www.ferienwohnungen-karin.com\/it\/appartamenti\/appartamento-merlot\/\" \/>\n<meta property=\"og:site_name\" content=\"www.ferienwohnungen-karin.com\" \/>\n<meta property=\"article:publisher\" content=\"https:\/\/www.facebook.com\/karinferienwohnungenappartamenti\/\" \/>\n<meta property=\"article:modified_time\" content=\"2024-07-26T15:24:29+00:00\" \/>\n<meta property=\"og:image\" content=\"https:\/\/www.ferienwohnungen-karin.com\/wp-content\/uploads\/karin-8346-1.jpg\" \/>\n\t<meta property=\"og:image:width\" content=\"2000\" \/>\n\t<meta property=\"og:image:height\" content=\"1334\" \/>\n\t<meta property=\"og:image:type\" content=\"image\/jpeg\" \/>\n<meta name=\"twitter:card\" content=\"summary_large_image\" \/>\n<meta name=\"twitter:label1\" content=\"Tempo di lettura stimato\" \/>\n\t<meta name=\"twitter:data1\" content=\"4 minuti\" \/>\n<script type=\"application\/ld+json\" class=\"yoast-schema-graph\">{\"@context\":\"https:\/\/schema.org\",\"@graph\":[{\"@type\":\"WebPage\",\"@id\":\"https:\/\/www.ferienwohnungen-karin.com\/it\/appartamenti\/appartamento-merlot\/\",\"url\":\"https:\/\/www.ferienwohnungen-karin.com\/it\/appartamenti\/appartamento-merlot\/\",\"name\":\"Appartamento Merlot\",\"isPartOf\":{\"@id\":\"https:\/\/www.ferienwohnungen-karin.com\/it\/#website\"},\"primaryImageOfPage\":{\"@id\":\"https:\/\/www.ferienwohnungen-karin.com\/it\/appartamenti\/appartamento-merlot\/#primaryimage\"},\"image\":{\"@id\":\"https:\/\/www.ferienwohnungen-karin.com\/it\/appartamenti\/appartamento-merlot\/#primaryimage\"},\"thumbnailUrl\":\"https:\/\/i0.wp.com\/www.ferienwohnungen-karin.com\/wp-content\/uploads\/karin-8346-1.jpg?fit=2000%2C1334&ssl=1\",\"datePublished\":\"2023-01-04T09:15:30+00:00\",\"dateModified\":\"2024-07-26T15:24:29+00:00\",\"description\":\"L\u2019appartamento Merlot: piccolo ma coccolo! Con i suoi 38 m\u00b2, \u00e8 il pi\u00f9 piccolo dei nostri appartamenti, ma non per questo meno confortevole.\",\"breadcrumb\":{\"@id\":\"https:\/\/www.ferienwohnungen-karin.com\/it\/appartamenti\/appartamento-merlot\/#breadcrumb\"},\"inLanguage\":\"it-IT\",\"potentialAction\":[{\"@type\":\"ReadAction\",\"target\":[\"https:\/\/www.ferienwohnungen-karin.com\/it\/appartamenti\/appartamento-merlot\/\"]}]},{\"@type\":\"ImageObject\",\"inLanguage\":\"it-IT\",\"@id\":\"https:\/\/www.ferienwohnungen-karin.com\/it\/appartamenti\/appartamento-merlot\/#primaryimage\",\"url\":\"https:\/\/i0.wp.com\/www.ferienwohnungen-karin.com\/wp-content\/uploads\/karin-8346-1.jpg?fit=2000%2C1334&ssl=1\",\"contentUrl\":\"https:\/\/i0.wp.com\/www.ferienwohnungen-karin.com\/wp-content\/uploads\/karin-8346-1.jpg?fit=2000%2C1334&ssl=1\",\"width\":2000,\"height\":1334},{\"@type\":\"BreadcrumbList\",\"@id\":\"https:\/\/www.ferienwohnungen-karin.com\/it\/appartamenti\/appartamento-merlot\/#breadcrumb\",\"itemListElement\":[{\"@type\":\"ListItem\",\"position\":1,\"name\":\"Startseite\",\"item\":\"https:\/\/www.ferienwohnungen-karin.com\/it\/\"},{\"@type\":\"ListItem\",\"position\":2,\"name\":\"Appartamenti\",\"item\":\"https:\/\/www.ferienwohnungen-karin.com\/it\/appartamenti\/\"},{\"@type\":\"ListItem\",\"position\":3,\"name\":\"Appartamento Merlot\"}]},{\"@type\":\"WebSite\",\"@id\":\"https:\/\/www.ferienwohnungen-karin.com\/it\/#website\",\"url\":\"https:\/\/www.ferienwohnungen-karin.com\/it\/\",\"name\":\"Ferienwohnungen Karin\",\"description\":\"\",\"publisher\":{\"@id\":\"https:\/\/www.ferienwohnungen-karin.com\/it\/#organization\"},\"potentialAction\":[{\"@type\":\"SearchAction\",\"target\":{\"@type\":\"EntryPoint\",\"urlTemplate\":\"https:\/\/www.ferienwohnungen-karin.com\/it\/?s={search_term_string}\"},\"query-input\":\"required name=search_term_string\"}],\"inLanguage\":\"it-IT\"},{\"@type\":\"Organization\",\"@id\":\"https:\/\/www.ferienwohnungen-karin.com\/it\/#organization\",\"name\":\"Ferienwohnungen Karin\",\"url\":\"https:\/\/www.ferienwohnungen-karin.com\/it\/\",\"logo\":{\"@type\":\"ImageObject\",\"inLanguage\":\"it-IT\",\"@id\":\"https:\/\/www.ferienwohnungen-karin.com\/it\/#\/schema\/logo\/image\/\",\"url\":\"https:\/\/i0.wp.com\/www.ferienwohnungen-karin.com\/wp-content\/uploads\/logo.png?fit=389%2C274&ssl=1\",\"contentUrl\":\"https:\/\/i0.wp.com\/www.ferienwohnungen-karin.com\/wp-content\/uploads\/logo.png?fit=389%2C274&ssl=1\",\"width\":389,\"height\":274,\"caption\":\"Ferienwohnungen Karin\"},\"image\":{\"@id\":\"https:\/\/www.ferienwohnungen-karin.com\/it\/#\/schema\/logo\/image\/\"},\"sameAs\":[\"https:\/\/www.facebook.com\/karinferienwohnungenappartamenti\/\",\"https:\/\/www.instagram.com\/karin_ferienwohnungen\/\"]}]}<\/script>\n<!-- \/ Yoast SEO plugin. -->","yoast_head_json":{"title":"Appartamento Merlot","description":"L\u2019appartamento Merlot: piccolo ma coccolo! Con i suoi 38 m\u00b2, \u00e8 il pi\u00f9 piccolo dei nostri appartamenti, ma non per questo meno confortevole.","robots":{"index":"index","follow":"follow","max-snippet":"max-snippet:-1","max-image-preview":"max-image-preview:large","max-video-preview":"max-video-preview:-1"},"canonical":"https:\/\/www.ferienwohnungen-karin.com\/it\/appartamenti\/appartamento-merlot\/","og_locale":"it_IT","og_type":"article","og_title":"Appartamento Merlot","og_description":"L\u2019appartamento Merlot: piccolo ma coccolo! Con i suoi 38 m\u00b2, \u00e8 il pi\u00f9 piccolo dei nostri appartamenti, ma non per questo meno confortevole.","og_url":"https:\/\/www.ferienwohnungen-karin.com\/it\/appartamenti\/appartamento-merlot\/","og_site_name":"www.ferienwohnungen-karin.com","article_publisher":"https:\/\/www.facebook.com\/karinferienwohnungenappartamenti\/","article_modified_time":"2024-07-26T15:24:29+00:00","og_image":[{"width":2000,"height":1334,"url":"https:\/\/www.ferienwohnungen-karin.com\/wp-content\/uploads\/karin-8346-1.jpg","type":"image\/jpeg"}],"twitter_card":"summary_large_image","twitter_misc":{"Tempo di lettura stimato":"4 minuti"},"schema":{"@context":"https:\/\/schema.org","@graph":[{"@type":"WebPage","@id":"https:\/\/www.ferienwohnungen-karin.com\/it\/appartamenti\/appartamento-merlot\/","url":"https:\/\/www.ferienwohnungen-karin.com\/it\/appartamenti\/appartamento-merlot\/","name":"Appartamento Merlot","isPartOf":{"@id":"https:\/\/www.ferienwohnungen-karin.com\/it\/#website"},"primaryImageOfPage":{"@id":"https:\/\/www.ferienwohnungen-karin.com\/it\/appartamenti\/appartamento-merlot\/#primaryimage"},"image":{"@id":"https:\/\/www.ferienwohnungen-karin.com\/it\/appartamenti\/appartamento-merlot\/#primaryimage"},"thumbnailUrl":"https:\/\/i0.wp.com\/www.ferienwohnungen-karin.com\/wp-content\/uploads\/karin-8346-1.jpg?fit=2000%2C1334&ssl=1","datePublished":"2023-01-04T09:15:30+00:00","dateModified":"2024-07-26T15:24:29+00:00","description":"L\u2019appartamento Merlot: piccolo ma coccolo! Con i suoi 38 m\u00b2, \u00e8 il pi\u00f9 piccolo dei nostri appartamenti, ma non per questo meno confortevole.","breadcrumb":{"@id":"https:\/\/www.ferienwohnungen-karin.com\/it\/appartamenti\/appartamento-merlot\/#breadcrumb"},"inLanguage":"it-IT","potentialAction":[{"@type":"ReadAction","target":["https:\/\/www.ferienwohnungen-karin.com\/it\/appartamenti\/appartamento-merlot\/"]}]},{"@type":"ImageObject","inLanguage":"it-IT","@id":"https:\/\/www.ferienwohnungen-karin.com\/it\/appartamenti\/appartamento-merlot\/#primaryimage","url":"https:\/\/i0.wp.com\/www.ferienwohnungen-karin.com\/wp-content\/uploads\/karin-8346-1.jpg?fit=2000%2C1334&ssl=1","contentUrl":"https:\/\/i0.wp.com\/www.ferienwohnungen-karin.com\/wp-content\/uploads\/karin-8346-1.jpg?fit=2000%2C1334&ssl=1","width":2000,"height":1334},{"@type":"BreadcrumbList","@id":"https:\/\/www.ferienwohnungen-karin.com\/it\/appartamenti\/appartamento-merlot\/#breadcrumb","itemListElement":[{"@type":"ListItem","position":1,"name":"Startseite","item":"https:\/\/www.ferienwohnungen-karin.com\/it\/"},{"@type":"ListItem","position":2,"name":"Appartamenti","item":"https:\/\/www.ferienwohnungen-karin.com\/it\/appartamenti\/"},{"@type":"ListItem","position":3,"name":"Appartamento Merlot"}]},{"@type":"WebSite","@id":"https:\/\/www.ferienwohnungen-karin.com\/it\/#website","url":"https:\/\/www.ferienwohnungen-karin.com\/it\/","name":"Ferienwohnungen Karin","description":"","publisher":{"@id":"https:\/\/www.ferienwohnungen-karin.com\/it\/#organization"},"potentialAction":[{"@type":"SearchAction","target":{"@type":"EntryPoint","urlTemplate":"https:\/\/www.ferienwohnungen-karin.com\/it\/?s={search_term_string}"},"query-input":"required name=search_term_string"}],"inLanguage":"it-IT"},{"@type":"Organization","@id":"https:\/\/www.ferienwohnungen-karin.com\/it\/#organization","name":"Ferienwohnungen Karin","url":"https:\/\/www.ferienwohnungen-karin.com\/it\/","logo":{"@type":"ImageObject","inLanguage":"it-IT","@id":"https:\/\/www.ferienwohnungen-karin.com\/it\/#\/schema\/logo\/image\/","url":"https:\/\/i0.wp.com\/www.ferienwohnungen-karin.com\/wp-content\/uploads\/logo.png?fit=389%2C274&ssl=1","contentUrl":"https:\/\/i0.wp.com\/www.ferienwohnungen-karin.com\/wp-content\/uploads\/logo.png?fit=389%2C274&ssl=1","width":389,"height":274,"caption":"Ferienwohnungen Karin"},"image":{"@id":"https:\/\/www.ferienwohnungen-karin.com\/it\/#\/schema\/logo\/image\/"},"sameAs":["https:\/\/www.facebook.com\/karinferienwohnungenappartamenti\/","https:\/\/www.instagram.com\/karin_ferienwohnungen\/"]}]}},"_links":{"self":[{"href":"https:\/\/www.ferienwohnungen-karin.com\/it\/wp-json\/wp\/v2\/pages\/546","targetHints":{"allow":["GET"]}}],"collection":[{"href":"https:\/\/www.ferienwohnungen-karin.com\/it\/wp-json\/wp\/v2\/pages"}],"about":[{"href":"https:\/\/www.ferienwohnungen-karin.com\/it\/wp-json\/wp\/v2\/types\/page"}],"author":[{"embeddable":true,"href":"https:\/\/www.ferienwohnungen-karin.com\/it\/wp-json\/wp\/v2\/users\/1"}],"replies":[{"embeddable":true,"href":"https:\/\/www.ferienwohnungen-karin.com\/it\/wp-json\/wp\/v2\/comments?post=546"}],"version-history":[{"count":9,"href":"https:\/\/www.ferienwohnungen-karin.com\/it\/wp-json\/wp\/v2\/pages\/546\/revisions"}],"predecessor-version":[{"id":745,"href":"https:\/\/www.ferienwohnungen-karin.com\/it\/wp-json\/wp\/v2\/pages\/546\/revisions\/745"}],"up":[{"embeddable":true,"href":"https:\/\/www.ferienwohnungen-karin.com\/it\/wp-json\/wp\/v2\/pages\/530"}],"wp:featuredmedia":[{"embeddable":true,"href":"https:\/\/www.ferienwohnungen-karin.com\/it\/wp-json\/wp\/v2\/media\/430"}],"wp:attachment":[{"href":"https:\/\/www.ferienwohnungen-karin.com\/it\/wp-json\/wp\/v2\/media?parent=546"}],"curies":[{"name":"wp","href":"https:\/\/api.w.org\/{rel}","templated":true}]}}